{"id":1027,"date":"2024-09-07T11:04:20","date_gmt":"2024-09-07T11:04:20","guid":{"rendered":"https:\/\/cometomilan.be\/contactez-luciana-colella-fashion-agent-pour-marques-de-createurs\/"},"modified":"2024-10-28T15:55:53","modified_gmt":"2024-10-28T15:55:53","slug":"contactez-luciana-colella-fashion-agent-pour-marques-de-createurs","status":"publish","type":"page","link":"https:\/\/cometomilan.be\/nl\/contactez-luciana-colella-fashion-agent-pour-marques-de-createurs\/","title":{"rendered":"Contact"},"content":{"rendered":"<p>[et_pb_section fb_built=&#8221;1&#8243; fullwidth=&#8221;on&#8221; admin_label=&#8221;Header&#8221; _builder_version=&#8221;4.16&#8243; custom_padding=&#8221;0px|0|0px|0px|false|false&#8221; top_divider_style=&#8221;arrow3&#8243; top_divider_color=&#8221;rgba(255,255,255,0.3)&#8221; top_divider_height=&#8221;100%&#8221; top_divider_repeat=&#8221;2x&#8221; bottom_divider_color=&#8221;rgba(255,255,255,0.33)&#8221; bottom_divider_height=&#8221;500px&#8221; global_colors_info=&#8221;{}&#8221;][et_pb_fullwidth_header text_orientation=&#8221;center&#8221; content_max_width=&#8221;70%&#8221; content_max_width_tablet=&#8221;100%&#8221; content_max_width_phone=&#8221;&#8221; content_max_width_last_edited=&#8221;on|phone&#8221; _builder_version=&#8221;4.27.0&#8243; title_font=&#8221;Cormorant Garamond|500|||||||&#8221; title_font_size=&#8221;5vw&#8221; title_line_height=&#8221;1.5em&#8221; content_font=&#8221;Cormorant Garamond|500|||||||&#8221; content_text_color=&#8221;#151b1d&#8221; content_font_size=&#8221;5vw&#8221; content_line_height=&#8221;1.5em&#8221; subhead_font=&#8221;Cormorant Garamond|700||on|||||&#8221; subhead_text_color=&#8221;#151b1d&#8221; subhead_font_size=&#8221;16px&#8221; subhead_letter_spacing=&#8221;15px&#8221; subhead_line_height=&#8221;2em&#8221; background_color=&#8221;rgba(255,255,255,0)&#8221; background_image=&#8221;https:\/\/cometomilan.be\/wp-content\/uploads\/2024\/09\/EF21FF2B-46CC-4EF7-8D10-F907EF581AFA-1.jpeg&#8221; parallax=&#8221;on&#8221; parallax_method=&#8221;on&#8221; custom_button_one=&#8221;on&#8221; button_one_text_size=&#8221;14px&#8221; button_one_text_color=&#8221;#000000&#8243; button_one_bg_color=&#8221;#ffffff&#8221; button_one_border_width=&#8221;14px&#8221; button_one_border_color=&#8221;#ffffff&#8221; button_one_border_radius=&#8221;0px&#8221; button_one_letter_spacing=&#8221;4px&#8221; button_one_font=&#8221;Poppins|500||on|||||&#8221; background_layout=&#8221;light&#8221; custom_margin=&#8221;||||false&#8221; custom_padding=&#8221;10vw||10vw||true&#8221; title_font_size_tablet=&#8221;40px&#8221; title_font_size_phone=&#8221;&#8221; title_font_size_last_edited=&#8221;on|desktop&#8221; subhead_font_size_tablet=&#8221;40px&#8221; subhead_font_size_last_edited=&#8221;off|desktop&#8221; subhead_letter_spacing_tablet=&#8221;&#8221; subhead_letter_spacing_phone=&#8221;0px&#8221; subhead_letter_spacing_last_edited=&#8221;on|phone&#8221; button_one_border_color_hover=&#8221;#ecd5c5&#8243; button_one_border_radius_hover=&#8221;0px&#8221; button_one_letter_spacing_hover=&#8221;4px&#8221; button_one_bg_color_hover=&#8221;#ecd5c5&#8243; global_colors_info=&#8221;{}&#8221; button_one_text_size__hover_enabled=&#8221;off&#8221; button_two_text_size__hover_enabled=&#8221;off&#8221; button_one_text_color__hover_enabled=&#8221;off&#8221; button_two_text_color__hover_enabled=&#8221;off&#8221; button_one_border_width__hover_enabled=&#8221;off&#8221; button_two_border_width__hover_enabled=&#8221;off&#8221; button_one_border_color__hover_enabled=&#8221;on&#8221; button_one_border_color__hover=&#8221;#ecd5c5&#8243; button_two_border_color__hover_enabled=&#8221;off&#8221; button_one_border_radius__hover_enabled=&#8221;on&#8221; button_one_border_radius__hover=&#8221;0px&#8221; button_two_border_radius__hover_enabled=&#8221;off&#8221; button_one_letter_spacing__hover_enabled=&#8221;on&#8221; button_one_letter_spacing__hover=&#8221;4px&#8221; button_two_letter_spacing__hover_enabled=&#8221;off&#8221; button_one_bg_color__hover_enabled=&#8221;on&#8221; button_one_bg_color__hover=&#8221;#ecd5c5&#8243; button_two_bg_color__hover_enabled=&#8221;off&#8221;]<\/p>\n<p>Contact<\/p>\n<p>[\/et_pb_fullwidth_header][\/et_pb_section][et_pb_section fb_built=&#8221;1&#8243; custom_padding_last_edited=&#8221;on|phone&#8221; admin_label=&#8221;What we do&#8221; _builder_version=&#8221;4.27.0&#8243; use_background_color_gradient=&#8221;on&#8221; background_color_gradient_stops=&#8221;#ffffff 0%|rgba(255,234,201,0.5) 100%&#8221; background_color_gradient_start=&#8221;#ffffff&#8221; background_color_gradient_end=&#8221;#f2e3de&#8221; custom_padding=&#8221;100px|0px|100px|0px|true|false&#8221; custom_padding_tablet=&#8221;100px|0px|100px|0px|true|false&#8221; custom_padding_phone=&#8221;50px|0px|50px|0px|true|false&#8221; top_divider_style=&#8221;arrow3&#8243; top_divider_color=&#8221;rgba(255,255,255,0.56)&#8221; top_divider_height=&#8221;500px&#8221; top_divider_repeat=&#8221;2x&#8221; bottom_divider_color=&#8221;rgba(255,255,255,0.55)&#8221; bottom_divider_repeat=&#8221;2x&#8221; locked=&#8221;off&#8221; global_colors_info=&#8221;{}&#8221;][et_pb_row column_structure=&#8221;1_2,1_2&#8243; admin_label=&#8221;what we do Row&#8221; _builder_version=&#8221;4.16&#8243; custom_padding=&#8221;|||&#8221; global_colors_info=&#8221;{}&#8221;][et_pb_column type=&#8221;1_2&#8243; _builder_version=&#8221;4.16&#8243; custom_padding=&#8221;|||&#8221; global_colors_info=&#8221;{}&#8221; custom_padding__hover=&#8221;|||&#8221;][et_pb_text admin_label=&#8221;Subheading&#8221; _builder_version=&#8221;4.24.0&#8243; text_font=&#8221;Cormorant Garamond||||||||&#8221; text_font_size=&#8221;20px&#8221; text_line_height=&#8221;1.8em&#8221; link_font=&#8221;||||||||&#8221; ul_font=&#8221;||||||||&#8221; header_font=&#8221;||||||||&#8221; header_font_size=&#8221;45px&#8221; header_line_height=&#8221;1.2em&#8221; header_2_font=&#8221;||||||||&#8221; header_3_font=&#8221;||||||||&#8221; header_3_font_size=&#8221;45px&#8221; header_3_line_height=&#8221;1.5em&#8221; header_4_font=&#8221;||||||||&#8221; header_5_font=&#8221;Poppins|700||on|||||&#8221; header_5_text_color=&#8221;#ecd5c5&#8243; header_5_letter_spacing=&#8221;15px&#8221; header_5_line_height=&#8221;1.8em&#8221; max_width_tablet=&#8221;100%&#8221; max_width_phone=&#8221;100%&#8221; max_width_last_edited=&#8221;off|desktop&#8221; module_alignment=&#8221;right&#8221; custom_margin=&#8221;|||&#8221; custom_padding=&#8221;|||&#8221; global_colors_info=&#8221;{}&#8221;]<\/p>\n<h1>Contact Luciana, jouw modeagent<\/h1>\n<p>[\/et_pb_text][\/et_pb_column][et_pb_column type=&#8221;1_2&#8243; _builder_version=&#8221;4.16&#8243; custom_padding=&#8221;|||&#8221; global_colors_info=&#8221;{}&#8221; custom_padding__hover=&#8221;|||&#8221;][et_pb_text admin_label=&#8221;Subheading&#8221; _builder_version=&#8221;4.24.0&#8243; text_font=&#8221;Cormorant Garamond||||||||&#8221; text_font_size=&#8221;20px&#8221; text_line_height=&#8221;1.8em&#8221; link_font=&#8221;||||||||&#8221; ul_font=&#8221;||||||||&#8221; header_font=&#8221;||||||||&#8221; header_2_font=&#8221;||||||||&#8221; header_3_font=&#8221;||||||||&#8221; header_3_font_size=&#8221;45px&#8221; header_3_line_height=&#8221;1.5em&#8221; header_4_font=&#8221;||||||||&#8221; header_5_font=&#8221;Poppins|700||on|||||&#8221; header_5_text_color=&#8221;#ecd5c5&#8243; header_5_letter_spacing=&#8221;15px&#8221; header_5_line_height=&#8221;1.8em&#8221; max_width_tablet=&#8221;100%&#8221; max_width_phone=&#8221;100%&#8221; max_width_last_edited=&#8221;off|desktop&#8221; module_alignment=&#8221;right&#8221; custom_margin=&#8221;|||&#8221; custom_padding=&#8221;|||&#8221; locked=&#8221;off&#8221; global_colors_info=&#8221;{}&#8221;]<\/p>\n<p>Come to Milan biedt je een brede selectie van designstukken.<\/p>\n<p>Ontdek een selectie van tassen, sieraden en sjaals van getalenteerde makers.<\/p>\n<p>Contact Luciana<\/p>\n<p>[\/et_pb_text][\/et_pb_column][\/et_pb_row][\/et_pb_section][et_pb_section fb_built=&#8221;1&#8243; admin_label=&#8221;Contact Info &#8221; _builder_version=&#8221;4.16&#8243; global_colors_info=&#8221;{}&#8221;][et_pb_row _builder_version=&#8221;4.27.0&#8243; _module_preset=&#8221;default&#8221; global_colors_info=&#8221;{}&#8221;][et_pb_column type=&#8221;4_4&#8243; _builder_version=&#8221;4.27.0&#8243; _module_preset=&#8221;default&#8221; global_colors_info=&#8221;{}&#8221;][et_pb_text _builder_version=&#8221;4.24.0&#8243; _module_preset=&#8221;default&#8221; hover_enabled=&#8221;0&#8243; global_colors_info=&#8221;{}&#8221; sticky_enabled=&#8221;0&#8243;]<iframe src=\"https:\/\/mywebforce.webforce.be\/form\/1077\" id=\"iframeForm\" style=\"width:100%;height: 700px;\" frameborder=\"0\"><\/iframe>[\/et_pb_text][\/et_pb_column][\/et_pb_row][et_pb_row admin_label=&#8221;Contact Row&#8221; _builder_version=&#8221;4.27.0&#8243; global_colors_info=&#8221;{}&#8221;][et_pb_column type=&#8221;4_4&#8243; _builder_version=&#8221;4.27.0&#8243; custom_padding=&#8221;|||6%&#8221; custom_padding_tablet=&#8221;0px|||0%|false|false&#8221; custom_padding_phone=&#8221;|||0px|false|false&#8221; custom_padding_last_edited=&#8221;on|tablet&#8221; global_colors_info=&#8221;{}&#8221; custom_padding__hover=&#8221;|||&#8221;][et_pb_text admin_label=&#8221;Texts&#8221; _builder_version=&#8221;4.24.0&#8243; text_font=&#8221;Cormorant Garamond||||||||&#8221; text_text_color=&#8221;#666666&#8243; text_font_size=&#8221;18px&#8221; text_line_height=&#8221;1.5em&#8221; header_font=&#8221;Cormorant Garamond|||on|||||&#8221; header_text_color=&#8221;#DCA57D&#8221; header_font_size=&#8221;16px&#8221; header_letter_spacing=&#8221;2px&#8221; header_line_height=&#8221;1.7em&#8221; header_4_font=&#8221;Cormorant Garamond|700||on|||||&#8221; header_4_text_color=&#8221;#f2d6aa&#8221; header_4_font_size=&#8221;16px&#8221; header_4_letter_spacing=&#8221;1px&#8221; header_4_line_height=&#8221;1.5em&#8221; background_layout=&#8221;dark&#8221; custom_margin=&#8221;||4.1%|||&#8221; locked=&#8221;off&#8221; global_colors_info=&#8221;{}&#8221;]<\/p>\n<h4>Adres<\/h4>\n<p>Avenue de la Floride, 25, 1180 Ukkel, Brussel[\/et_pb_text][et_pb_text admin_label=&#8221;Texts&#8221; _builder_version=&#8221;4.24.0&#8243; text_font=&#8221;Cormorant Garamond||||||||&#8221; text_text_color=&#8221;#666666&#8243; text_font_size=&#8221;18px&#8221; text_line_height=&#8221;1.5em&#8221; header_font=&#8221;Cormorant Garamond|||on|||||&#8221; header_text_color=&#8221;#DCA57D&#8221; header_font_size=&#8221;16px&#8221; header_letter_spacing=&#8221;2px&#8221; header_line_height=&#8221;1.7em&#8221; header_4_font=&#8221;Cormorant Garamond|700||on|||||&#8221; header_4_text_color=&#8221;#f2d6aa&#8221; header_4_font_size=&#8221;16px&#8221; header_4_letter_spacing=&#8221;1px&#8221; header_4_line_height=&#8221;1.5em&#8221; background_layout=&#8221;dark&#8221; custom_margin=&#8221;||2.6%|||&#8221; locked=&#8221;off&#8221; global_colors_info=&#8221;{}&#8221;]<\/p>\n<h4>Telefoon<\/h4>\n<p><a href=\"tel:+32496702443\">+32 496\/70.24.43<\/a>[\/et_pb_text][et_pb_text admin_label=&#8221;Texts&#8221; _builder_version=&#8221;4.24.0&#8243; text_font=&#8221;Cormorant Garamond||||||||&#8221; text_text_color=&#8221;#666666&#8243; text_font_size=&#8221;18px&#8221; text_line_height=&#8221;1.5em&#8221; header_font=&#8221;Cormorant Garamond|||on|||||&#8221; header_text_color=&#8221;#DCA57D&#8221; header_font_size=&#8221;16px&#8221; header_letter_spacing=&#8221;2px&#8221; header_line_height=&#8221;1.7em&#8221; header_4_font=&#8221;Cormorant Garamond|700||on|||||&#8221; header_4_text_color=&#8221;#f2d6aa&#8221; header_4_font_size=&#8221;16px&#8221; header_4_letter_spacing=&#8221;1px&#8221; header_4_line_height=&#8221;1.5em&#8221; background_layout=&#8221;dark&#8221; custom_margin=&#8221;||2.6%|||&#8221; locked=&#8221;off&#8221; global_colors_info=&#8221;{}&#8221;]<\/p>\n<h4>E-mail<\/h4>\n<p><a href=\"mailto:colella.luci@gmail.com\">colella.luci@gmail.com<\/a><\/p>\n<p>[\/et_pb_text][\/et_pb_column][\/et_pb_row][\/et_pb_section][et_pb_section fb_built=&#8221;1&#8243; _builder_version=&#8221;4.27.0&#8243; _module_preset=&#8221;default&#8221; custom_padding=&#8221;0px||0px||false|false&#8221; global_colors_info=&#8221;{}&#8221;][et_pb_row _builder_version=&#8221;4.27.0&#8243; _module_preset=&#8221;default&#8221; width=&#8221;100%&#8221; max_width=&#8221;2560px&#8221; custom_padding=&#8221;0px||0px||false|false&#8221; global_colors_info=&#8221;{}&#8221;][et_pb_column type=&#8221;4_4&#8243; _builder_version=&#8221;4.27.0&#8243; _module_preset=&#8221;default&#8221; global_colors_info=&#8221;{}&#8221;][et_pb_text _builder_version=&#8221;4.27.0&#8243; _module_preset=&#8221;default&#8221; custom_margin=&#8221;||-4px||false|false&#8221; custom_padding=&#8221;||0px||false|false&#8221; global_colors_info=&#8221;{}&#8221;]<iframe src=\"https:\/\/www.google.com\/maps\/embed?pb=!1m18!1m12!1m3!1d2521.213891203828!2d4.362688076459499!3d50.80867567166275!2m3!1f0!2f0!3f0!3m2!1i1024!2i768!4f13.1!3m3!1m2!1s0x47c3c4e32b897985%3A0xdae5b08a4a0a6322!2sAv.%20de%20la%20Floride%2025%2C%201180%20Uccle%2C%20Belgique!5e0!3m2!1sfr!2ses!4v1725814221835!5m2!1sfr!2ses\" width=\"100%\" height=\"450\" style=\"border:0;\" allowfullscreen=\"\" loading=\"lazy\" referrerpolicy=\"no-referrer-when-downgrade\"><\/iframe>[\/et_pb_text][\/et_pb_column][\/et_pb_row][\/et_pb_section]<\/p>\n","protected":false},"excerpt":{"rendered":"<p>ContactContact Luciana, jouw modeagentCome to Milan biedt je een brede selectie van designstukken. Ontdek een selectie van tassen, sieraden en sjaals van getalenteerde makers. Contact LucianaAdres Avenue de la Floride, 25, 1180 Ukkel, BrusselTelefoon +32 496\/70.24.43E-mail colella.luci@gmail.com<\/p>\n","protected":false},"author":1,"featured_media":0,"parent":0,"menu_order":0,"comment_status":"closed","ping_status":"closed","template":"","meta":{"_et_pb_use_builder":"on","_et_pb_old_content":"<!-- wp:divi\/placeholder \/-->","_et_gb_content_width":"","footnotes":""},"class_list":["post-1027","page","type-page","status-publish","hentry"],"yoast_head":"<!-- This site is optimized with the Yoast SEO plugin v27.2 - https:\/\/yoast.com\/product\/yoast-seo-wordpress\/ -->\n<title>Contactez Luciana Colella | Agent de Mode pour Cr\u00e9ateurs<\/title>\n<meta name=\"description\" content=\"Contactez Luciana Colella, votre fashion agent. D\u00e9couvrez des collections exclusives de sacs, bijoux et \u00e9charpes de cr\u00e9ateurs talentueux comme Almala, Ylume et plus.\" \/>\n<meta name=\"robots\" content=\"index, follow, max-snippet:-1, max-image-preview:large, max-video-preview:-1\" \/>\n<link rel=\"canonical\" href=\"https:\/\/cometomilan.be\/nl\/contactez-luciana-colella-fashion-agent-pour-marques-de-createurs\/\" \/>\n<meta property=\"og:locale\" content=\"nl_NL\" \/>\n<meta property=\"og:type\" content=\"article\" \/>\n<meta property=\"og:title\" content=\"Contactez Luciana Colella | Agent de Mode pour Cr\u00e9ateurs\" \/>\n<meta property=\"og:description\" content=\"Contactez Luciana Colella, votre fashion agent. D\u00e9couvrez des collections exclusives de sacs, bijoux et \u00e9charpes de cr\u00e9ateurs talentueux comme Almala, Ylume et plus.\" \/>\n<meta property=\"og:url\" content=\"https:\/\/cometomilan.be\/nl\/contactez-luciana-colella-fashion-agent-pour-marques-de-createurs\/\" \/>\n<meta property=\"og:site_name\" content=\"Come to Milan\" \/>\n<meta property=\"article:modified_time\" content=\"2024-10-28T15:55:53+00:00\" \/>\n<meta name=\"twitter:card\" content=\"summary_large_image\" \/>\n<meta name=\"twitter:label1\" content=\"Geschatte leestijd\" \/>\n\t<meta name=\"twitter:data1\" content=\"1 minuut\" \/>\n<script type=\"application\/ld+json\" class=\"yoast-schema-graph\">{\"@context\":\"https:\/\/schema.org\",\"@graph\":[{\"@type\":\"WebPage\",\"@id\":\"https:\/\/cometomilan.be\/nl\/contactez-luciana-colella-fashion-agent-pour-marques-de-createurs\/\",\"url\":\"https:\/\/cometomilan.be\/nl\/contactez-luciana-colella-fashion-agent-pour-marques-de-createurs\/\",\"name\":\"Contactez Luciana Colella | Agent de Mode pour Cr\u00e9ateurs\",\"isPartOf\":{\"@id\":\"https:\/\/cometomilan.be\/nl\/#website\"},\"datePublished\":\"2024-09-07T11:04:20+00:00\",\"dateModified\":\"2024-10-28T15:55:53+00:00\",\"description\":\"Contactez Luciana Colella, votre fashion agent. D\u00e9couvrez des collections exclusives de sacs, bijoux et \u00e9charpes de cr\u00e9ateurs talentueux comme Almala, Ylume et plus.\",\"breadcrumb\":{\"@id\":\"https:\/\/cometomilan.be\/nl\/contactez-luciana-colella-fashion-agent-pour-marques-de-createurs\/#breadcrumb\"},\"inLanguage\":\"nl-NL\",\"potentialAction\":[{\"@type\":\"ReadAction\",\"target\":[\"https:\/\/cometomilan.be\/nl\/contactez-luciana-colella-fashion-agent-pour-marques-de-createurs\/\"]}]},{\"@type\":\"BreadcrumbList\",\"@id\":\"https:\/\/cometomilan.be\/nl\/contactez-luciana-colella-fashion-agent-pour-marques-de-createurs\/#breadcrumb\",\"itemListElement\":[{\"@type\":\"ListItem\",\"position\":1,\"name\":\"Accueil\",\"item\":\"https:\/\/cometomilan.be\/nl\/\"},{\"@type\":\"ListItem\",\"position\":2,\"name\":\"Contact\"}]},{\"@type\":\"WebSite\",\"@id\":\"https:\/\/cometomilan.be\/nl\/#website\",\"url\":\"https:\/\/cometomilan.be\/nl\/\",\"name\":\"Come to Milan\",\"description\":\"\",\"publisher\":{\"@id\":\"https:\/\/cometomilan.be\/nl\/#organization\"},\"potentialAction\":[{\"@type\":\"SearchAction\",\"target\":{\"@type\":\"EntryPoint\",\"urlTemplate\":\"https:\/\/cometomilan.be\/nl\/?s={search_term_string}\"},\"query-input\":{\"@type\":\"PropertyValueSpecification\",\"valueRequired\":true,\"valueName\":\"search_term_string\"}}],\"inLanguage\":\"nl-NL\"},{\"@type\":\"Organization\",\"@id\":\"https:\/\/cometomilan.be\/nl\/#organization\",\"name\":\"Come to Milan\",\"url\":\"https:\/\/cometomilan.be\/nl\/\",\"logo\":{\"@type\":\"ImageObject\",\"inLanguage\":\"nl-NL\",\"@id\":\"https:\/\/cometomilan.be\/nl\/#\/schema\/logo\/image\/\",\"url\":\"https:\/\/cometomilan.be\/wp-content\/uploads\/2024\/09\/logo-cometomilan-bruxelles.png\",\"contentUrl\":\"https:\/\/cometomilan.be\/wp-content\/uploads\/2024\/09\/logo-cometomilan-bruxelles.png\",\"width\":360,\"height\":50,\"caption\":\"Come to Milan\"},\"image\":{\"@id\":\"https:\/\/cometomilan.be\/nl\/#\/schema\/logo\/image\/\"}}]}<\/script>\n<!-- \/ Yoast SEO plugin. -->","yoast_head_json":{"title":"Contactez Luciana Colella | Agent de Mode pour Cr\u00e9ateurs","description":"Contactez Luciana Colella, votre fashion agent. D\u00e9couvrez des collections exclusives de sacs, bijoux et \u00e9charpes de cr\u00e9ateurs talentueux comme Almala, Ylume et plus.","robots":{"index":"index","follow":"follow","max-snippet":"max-snippet:-1","max-image-preview":"max-image-preview:large","max-video-preview":"max-video-preview:-1"},"canonical":"https:\/\/cometomilan.be\/nl\/contactez-luciana-colella-fashion-agent-pour-marques-de-createurs\/","og_locale":"nl_NL","og_type":"article","og_title":"Contactez Luciana Colella | Agent de Mode pour Cr\u00e9ateurs","og_description":"Contactez Luciana Colella, votre fashion agent. D\u00e9couvrez des collections exclusives de sacs, bijoux et \u00e9charpes de cr\u00e9ateurs talentueux comme Almala, Ylume et plus.","og_url":"https:\/\/cometomilan.be\/nl\/contactez-luciana-colella-fashion-agent-pour-marques-de-createurs\/","og_site_name":"Come to Milan","article_modified_time":"2024-10-28T15:55:53+00:00","twitter_card":"summary_large_image","twitter_misc":{"Geschatte leestijd":"1 minuut"},"schema":{"@context":"https:\/\/schema.org","@graph":[{"@type":"WebPage","@id":"https:\/\/cometomilan.be\/nl\/contactez-luciana-colella-fashion-agent-pour-marques-de-createurs\/","url":"https:\/\/cometomilan.be\/nl\/contactez-luciana-colella-fashion-agent-pour-marques-de-createurs\/","name":"Contactez Luciana Colella | Agent de Mode pour Cr\u00e9ateurs","isPartOf":{"@id":"https:\/\/cometomilan.be\/nl\/#website"},"datePublished":"2024-09-07T11:04:20+00:00","dateModified":"2024-10-28T15:55:53+00:00","description":"Contactez Luciana Colella, votre fashion agent. D\u00e9couvrez des collections exclusives de sacs, bijoux et \u00e9charpes de cr\u00e9ateurs talentueux comme Almala, Ylume et plus.","breadcrumb":{"@id":"https:\/\/cometomilan.be\/nl\/contactez-luciana-colella-fashion-agent-pour-marques-de-createurs\/#breadcrumb"},"inLanguage":"nl-NL","potentialAction":[{"@type":"ReadAction","target":["https:\/\/cometomilan.be\/nl\/contactez-luciana-colella-fashion-agent-pour-marques-de-createurs\/"]}]},{"@type":"BreadcrumbList","@id":"https:\/\/cometomilan.be\/nl\/contactez-luciana-colella-fashion-agent-pour-marques-de-createurs\/#breadcrumb","itemListElement":[{"@type":"ListItem","position":1,"name":"Accueil","item":"https:\/\/cometomilan.be\/nl\/"},{"@type":"ListItem","position":2,"name":"Contact"}]},{"@type":"WebSite","@id":"https:\/\/cometomilan.be\/nl\/#website","url":"https:\/\/cometomilan.be\/nl\/","name":"Come to Milan","description":"","publisher":{"@id":"https:\/\/cometomilan.be\/nl\/#organization"},"potentialAction":[{"@type":"SearchAction","target":{"@type":"EntryPoint","urlTemplate":"https:\/\/cometomilan.be\/nl\/?s={search_term_string}"},"query-input":{"@type":"PropertyValueSpecification","valueRequired":true,"valueName":"search_term_string"}}],"inLanguage":"nl-NL"},{"@type":"Organization","@id":"https:\/\/cometomilan.be\/nl\/#organization","name":"Come to Milan","url":"https:\/\/cometomilan.be\/nl\/","logo":{"@type":"ImageObject","inLanguage":"nl-NL","@id":"https:\/\/cometomilan.be\/nl\/#\/schema\/logo\/image\/","url":"https:\/\/cometomilan.be\/wp-content\/uploads\/2024\/09\/logo-cometomilan-bruxelles.png","contentUrl":"https:\/\/cometomilan.be\/wp-content\/uploads\/2024\/09\/logo-cometomilan-bruxelles.png","width":360,"height":50,"caption":"Come to Milan"},"image":{"@id":"https:\/\/cometomilan.be\/nl\/#\/schema\/logo\/image\/"}}]}},"_links":{"self":[{"href":"https:\/\/cometomilan.be\/nl\/wp-json\/wp\/v2\/pages\/1027","targetHints":{"allow":["GET"]}}],"collection":[{"href":"https:\/\/cometomilan.be\/nl\/wp-json\/wp\/v2\/pages"}],"about":[{"href":"https:\/\/cometomilan.be\/nl\/wp-json\/wp\/v2\/types\/page"}],"author":[{"embeddable":true,"href":"https:\/\/cometomilan.be\/nl\/wp-json\/wp\/v2\/users\/1"}],"replies":[{"embeddable":true,"href":"https:\/\/cometomilan.be\/nl\/wp-json\/wp\/v2\/comments?post=1027"}],"version-history":[{"count":2,"href":"https:\/\/cometomilan.be\/nl\/wp-json\/wp\/v2\/pages\/1027\/revisions"}],"predecessor-version":[{"id":1078,"href":"https:\/\/cometomilan.be\/nl\/wp-json\/wp\/v2\/pages\/1027\/revisions\/1078"}],"wp:attachment":[{"href":"https:\/\/cometomilan.be\/nl\/wp-json\/wp\/v2\/media?parent=1027"}],"curies":[{"name":"wp","href":"https:\/\/api.w.org\/{rel}","templated":true}]}}